{"id":8,"date":"2024-07-09T13:19:25","date_gmt":"2024-07-09T11:19:25","guid":{"rendered":"https:\/\/grabmaier-klimatechnik.multiwp.de\/?page_id=8"},"modified":"2024-11-12T10:32:05","modified_gmt":"2024-11-12T09:32:05","slug":"grabmaier","status":"publish","type":"page","link":"https:\/\/grabmaier-klimatechnik.de\/?page_id=8","title":{"rendered":"Infoseite"},"content":{"rendered":"\n<p class=\"has-text-align-center\"><strong><em>K\u00e4lte &#8211; Klima &#8211; GmbH<\/em><\/strong><\/p>\n\n\n\n<div class=\"wp-block-group alignwide\"><div class=\"wp-block-group__inner-container is-layout-constrained wp-block-group-is-layout-constrained\">\n<div class=\"wp-block-group alignwide\"><div class=\"wp-block-group__inner-container is-layout-constrained wp-block-group-is-layout-constrained\">\n<div class=\"wp-block-group alignwide\"><div class=\"wp-block-group__inner-container is-layout-constrained wp-block-group-is-layout-constrained\">\n<div class=\"wp-block-group alignwide\"><div class=\"wp-block-group__inner-container is-layout-constrained wp-block-group-is-layout-constrained\">\n<div class=\"wp-block-group alignwide\"><div class=\"wp-block-group__inner-container is-layout-constrained wp-block-group-is-layout-constrained\">\n<div class=\"wp-block-group alignwide\"><div class=\"wp-block-group__inner-container is-layout-constrained wp-block-group-is-layout-constrained\">\n<div class=\"wp-block-group alignfull has-accent-5-background-color has-background is-content-justification-left\" style=\"border-width:3px;border-radius:10px;margin-top:0;margin-bottom:0;padding-top:var(--wp--preset--spacing--20);padding-right:0;padding-bottom:var(--wp--preset--spacing--20);padding-left:0\"><div class=\"wp-block-group__inner-container is-layout-constrained wp-container-core-group-is-layout-3a078222 wp-block-group-is-layout-constrained\">\n<h2 class=\"wp-block-heading has-text-align-left\" id=\"Kurzprofil\" style=\"padding-right:var(--wp--preset--spacing--40);padding-left:var(--wp--preset--spacing--40)\">Kurzprofil<\/h2>\n\n\n\n<div class=\"wp-block-group\" style=\"padding-right:var(--wp--preset--spacing--30);padding-left:var(--wp--preset--spacing--30)\"><div class=\"wp-block-group__inner-container is-layout-constrained wp-container-core-group-is-layout-a68114f4 wp-block-group-is-layout-constrained\">\n<ul style=\"margin-top:0;margin-right:0;margin-bottom:0;margin-left:0\" class=\"wp-block-list\">\n<li>Grabmaier K\u00e4lte- und Klimatechnik GmbH<\/li>\n\n\n\n<li>Klimaanlagen f\u00fcr Privat, Gewerbe und Industrie<\/li>\n\n\n\n<li>Planung, Montage und Service von K\u00fchl- und Tiefk\u00fchlanlagen<\/li>\n\n\n\n<li style=\"margin-top:0;margin-right:0;margin-bottom:0;margin-left:0\">Wartungsservice s\u00e4mtlicher K\u00fchlanlage<\/li>\n<\/ul>\n<\/div><\/div>\n<\/div><\/div>\n<\/div><\/div>\n\n\n\n<div class=\"wp-block-group alignwide has-contrast-color has-base-background-color has-text-color has-background has-link-color wp-elements-74c5e144cf19413a50572d0b3aa043fb\" style=\"border-width:2px;border-radius:5px;margin-top:0;margin-bottom:0;padding-top:0;padding-bottom:0\"><div class=\"wp-block-group__inner-container is-layout-constrained wp-block-group-is-layout-constrained\">\n<h2 class=\"wp-block-heading alignwide has-text-align-left\">Produkte<\/h2>\n\n\n\n<div class=\"wp-block-group alignwide\"><div class=\"wp-block-group__inner-container is-layout-constrained wp-block-group-is-layout-constrained\">\n<div class=\"wp-block-columns alignwide has-base-background-color has-background is-layout-flex wp-container-core-columns-is-layout-2edb0647 wp-block-columns-is-layout-flex\" style=\"margin-top:0;margin-bottom:0\">\n<div class=\"wp-block-column is-layout-flow wp-block-column-is-layout-flow\">\n<p><strong>Klima<\/strong><\/p>\n\n\n\n<ul class=\"wp-block-list\">\n<li>Inverter-Multi-Split-Sets<\/li>\n\n\n\n<li>Multi-Split-Sets<\/li>\n\n\n\n<li>Wandmodelle<\/li>\n\n\n\n<li>Deckenwandmodelle<\/li>\n\n\n\n<li>Kassettenmodelle<\/li>\n\n\n\n<li>Truhenmodelle<\/li>\n\n\n\n<li>Deckenmodelle<\/li>\n\n\n\n<li>Zwischendeckenmodelle<\/li>\n\n\n\n<li>mobile Klimager\u00e4te<\/li>\n\n\n\n<li>Big-Multi-Systeme<\/li>\n\n\n\n<li>Kaltwassers\u00e4tze<\/li>\n\n\n\n<li>Dampfluftbefeuchter<\/li>\n<\/ul>\n<\/div>\n\n\n\n<div class=\"wp-block-column is-layout-flow wp-block-column-is-layout-flow\">\n<p><strong>K\u00e4lteanlagen<\/strong><\/p>\n\n\n\n<ul class=\"wp-block-list\">\n<li>K\u00fchlm\u00f6bel<\/li>\n\n\n\n<li>K\u00fchlzellen<\/li>\n<\/ul>\n<\/div>\n\n\n\n<div class=\"wp-block-column is-layout-flow wp-block-column-is-layout-flow\">\n<p><strong>Tiefk\u00fchlanlagen<\/strong><\/p>\n\n\n\n<ul class=\"wp-block-list\">\n<li>Schockfroster<\/li>\n\n\n\n<li>Backwaren-Konservierungsanlagen<\/li>\n\n\n\n<li>Tiefk\u00fchllagerr\u00e4ume<\/li>\n\n\n\n<li>Tiefk\u00fchlzellen f\u00fcr Metzgereien<\/li>\n\n\n\n<li>Tiefk\u00fchlzellen f\u00fcr Gastronomie<\/li>\n<\/ul>\n<\/div>\n<\/div>\n<\/div><\/div>\n<\/div><\/div>\n\n\n\n<div class=\"wp-block-group alignwide has-contrast-3-background-color has-background is-content-justification-left\" style=\"border-width:2px;border-radius:5px\"><div class=\"wp-block-group__inner-container is-layout-constrained wp-container-core-group-is-layout-8c890d92 wp-block-group-is-layout-constrained\">\n<h2 class=\"wp-block-heading\">Service<\/h2>\n\n\n\n<p>Um Ihnen den bestm\u00f6glichen Service zu bieten, ist jeder unserer Mitarbeiter mit einem Mobiltelefon ausger\u00fcstet.<\/p>\n\n\n\n<p>Unsere Monteure sind 24 Stunden f\u00fcr Sie verf\u00fcgbar, auch am Wochenende und zu sp\u00e4ten Abendstunden.<\/p>\n\n\n\n<p>Sie k\u00f6nnen uns auch jeder Zeit eine Nachricht auf Band sprechen, wir rufen sie umgehend zur\u00fcck<\/p>\n<\/div><\/div>\n<\/div><\/div>\n<\/div><\/div>\n<\/div><\/div>\n<\/div><\/div>\n\n\n\n<div class=\"wp-block-group alignwide is-content-justification-left\"><div class=\"wp-block-group__inner-container is-layout-constrained wp-container-core-group-is-layout-8c890d92 wp-block-group-is-layout-constrained\">\n<div class=\"wp-block-group alignwide is-content-justification-left\"><div class=\"wp-block-group__inner-container is-layout-constrained wp-container-core-group-is-layout-8c890d92 wp-block-group-is-layout-constrained\">\n<div class=\"wp-block-group alignwide\" style=\"border-width:2px;border-radius:5px\"><div class=\"wp-block-group__inner-container is-layout-constrained wp-block-group-is-layout-constrained\">\n<h2 class=\"wp-block-heading alignwide\">Referenzen<\/h2>\n\n\n\n<ul class=\"wp-block-list\">\n<li>Wonnemar Freizeit und Erlebnisbad<\/li>\n\n\n\n<li>Saturn Arena<\/li>\n\n\n\n<li>Conti Temic microelektronik GmbH<\/li>\n\n\n\n<li>FM-Systems GmbH u. Co. KG<\/li>\n\n\n\n<li>Nordbr\u00e4u Ingolstadt<\/li>\n\n\n\n<li>FM Systems GmbH u. Co. KG<\/li>\n\n\n\n<li>Deutsche Rockwool Mineralwoll GmbH u. Co. OHG<\/li>\n\n\n\n<li>Tuja Zeitarbeit GmbH<\/li>\n\n\n\n<li>Raiffeisenbanken<\/li>\n\n\n\n<li>Monarch Hotel Bad G\u00f6gging<\/li>\n\n\n\n<li>Flexipack Baar-Ebenhausen<\/li>\n\n\n\n<li>div. Zahnarztpraxen<\/li>\n\n\n\n<li>div. Metzgereien und Restaurantbetriebe<\/li>\n\n\n\n<li>und weitere<\/li>\n<\/ul>\n<\/div><\/div>\n<\/div><\/div>\n<\/div><\/div>\n\n\n\n<div class=\"wp-block-group alignwide has-contrast-3-background-color has-background\" style=\"border-width:2px;border-radius:5px\"><div class=\"wp-block-group__inner-container is-layout-constrained wp-block-group-is-layout-constrained\">\n<h2 class=\"wp-block-heading alignwide\">Kontakt<\/h2>\n\n\n\n<figure class=\"wp-block-table alignwide\"><table><tbody><tr><td>Firmenanschrift:<\/td><td>Grabmaier K\u00e4lte-Klima-GmbH<br>Inh. Erich Grabmaier<br>Mittel\u00e4ckerweg. 20<br>85055 Ingolstadt Handelsregister Ingolstadt HRB 1483<br><\/td><\/tr><tr><td>Steuernummer:<\/td><td>DE 124\/127\/80009<\/td><\/tr><tr><td>Telefon:<\/td><td>0841\/3 67 86<\/td><\/tr><tr><td>Fax:<\/td><td>0841\/3 69 85<\/td><\/tr><tr><td>Email:<\/td><td><a href=\"mailto:info@grabmaier-klimatechnik.de\">info@grabmaier-klimatechnik.de<\/a><\/td><\/tr><tr><td>B\u00fcrozeiten:<\/td><td>Montag &#8211; Donnerstag 07:30 &#8211; 16:00 Uhr<br>Freitag 07:30 &#8211; 12:00 Uhr<\/td><\/tr><tr><td><\/td><td>Au\u00dferhalb der B\u00fcrozeiten k\u00f6nnen Sie gerne auf unseren Anrufbeantworter sprechen, wir rufen Sie baldm\u00f6glichst zur\u00fcck.<\/td><\/tr><\/tbody><\/table><\/figure>\n<\/div><\/div>\n<\/div><\/div>\n\n\n\n<div class=\"wp-block-group alignwide is-content-justification-left\"><div class=\"wp-block-group__inner-container is-layout-constrained wp-container-core-group-is-layout-8c890d92 wp-block-group-is-layout-constrained\">\n<h2 class=\"wp-block-heading\">Datenschutz<\/h2>\n\n\n\n<p>Der Schutz Ihrer Privatsph\u00e4re ist unser wichtigstes Anliegen. Deshalb bitten wir Sie eindringlich, die nachfolgende Zusammenfassung \u00fcber die Funktionsweise unserer Webseite&nbsp;<a href=\"https:\/\/grabmaier-klimatechnik.de\/\">grabmaier-klimatechnik.de<\/a>&nbsp;aufmerksam zu lesen.<\/p>\n\n\n\n<p>Die hier pr\u00e4sentierte Datenschutzerkl\u00e4rung entspricht den Richtlinien der DSGVO und des BDSG. Sie soll \u00fcber die Art, den Zweck und die Verwendung personenbezogener Daten durch den Websitebetreiber&nbsp;<em>Grabmaier K\u00e4lte-Klima-GmbH<\/em>&nbsp;informieren.<\/p>\n\n\n\n<p>Obwohl unsere Seite mit verschieden Schutzvorkehrungen ausgestattet ist, kann keine vollst\u00e4ndige Sicherheit Ihrer Daten garantiert werden, da Sicherheitsl\u00fccken im Internet nicht ausgeschlossen werden k\u00f6nnen. Sollten Sie Anliegen bzgl. Ihrer Daten haben, finden Sie am Ende der Datenschutzerkl\u00e4rung entsprechende Kontaktdaten f\u00fcr Anfragen aller Art.<\/p>\n<\/div><\/div>\n\n\n\n<div class=\"wp-block-group alignwide is-content-justification-left\"><div class=\"wp-block-group__inner-container is-layout-constrained wp-container-core-group-is-layout-8c890d92 wp-block-group-is-layout-constrained\">\n<h3 class=\"wp-block-heading\">Erfassung allgemeiner Informationen<\/h3>\n\n\n\n<p>Wenn Sie auf unsere Webseite zugreifen, werden automatisch Informationen allgemeiner Natur erfasst. Diese Informationen (Server-Logfiles) beinhalten etwa die Art des Webbrowsers, das verwendete Betriebssystem, den Domainnamen Ihres Internet Service Providers und \u00e4hnliches. Hierbei handelt es sich ausschliesslich um Informationen, welche keine R\u00fcckschl\u00fcsse auf Ihre Person zulassen. Diese Informationen sind technisch notwendig, um von Ihnen angeforderte Inhalte von Webseiten korrekt auszuliefern und fallen bei Nutzung des Internets zwingend an. Anonyme Informationen dieser Art werden von uns statistisch ausgewertet, um unseren Internetauftritt und die dahinter stehende Technik zu optimieren.<\/p>\n\n\n\n<h3 class=\"wp-block-heading\">Ihre Rechte<\/h3>\n\n\n\n<p>Selbstverst\u00e4ndlich haben Sie in Bezug auf die Erhebung Ihrer Daten Rechte. Laut geltendem Gesetz sind wir dazu verpflichtet, Sie \u00fcber dieselben aufzukl\u00e4ren. Die Inanspruchnahme und Durchf\u00fchrung dieser Rechte ist f\u00fcr Sie kostenlos.<\/p>\n\n\n\n<p><strong>Widerrufsrecht<\/strong><\/p>\n\n\n\n<p>Sie haben das Recht, Ihre Einwilligung bzgl. der Erhebung von Daten jederzeit zu widerrufen. Dieses Recht gilt mit Wirkung f\u00fcr die Zukunft; die bis zur Rechtkraft des Widerrufs erhobenen Daten bleiben hiervon unber\u00fchrt.<\/p>\n\n\n\n<p><strong>Recht auf Daten\u00fcbertragbarkeit<\/strong><\/p>\n\n\n\n<p>Sie haben das Recht, eine \u00fcbertragung Ihrer Daten von uns auf eine andere Stelle zu beantragen.<\/p>\n\n\n\n<p><strong>Auskunftsrecht<\/strong><\/p>\n\n\n\n<p>Sie haben das Recht, von uns eine Best\u00e4tigung zu verlangen, ob und wie wir personenbezogene Daten von Ihnen beziehen. Dieses Recht ist durch die vorliegende Datenschutzerkl\u00e4rung realisiert. Zus\u00e4tzlich k\u00f6nnen Sie bei Unklarheiten eine elektronische Auskunft anfordern.<\/p>\n\n\n\n<p><strong>Recht auf Berichtigung, L\u00f6schung oder Sperrung<\/strong><\/p>\n\n\n\n<p>Sie haben das Recht, Ihre Daten berichtigen, l\u00f6schen oder sperren zu lassen. Letzteres kommt zur Anwendung, wenn die gesetzliche Lage eine L\u00f6schung nicht zul\u00e4sst.<\/p>\n\n\n\n<p><strong>Beschwerderecht<\/strong><\/p>\n\n\n\n<p>Sie haben das Recht, sich bei einer Aufsichtsbeh\u00f6rde bzw. einer zust\u00e4ndigen Stelle zu beschweren, insofern Sie einen Grund zur Beanstandung haben sollten. F\u00fcr die Inanspruchnahme dieses Rechts und der zwei vorher genannten wenden Sie sich bitte an die am Ende dieser Datenschutzerkl\u00e4rung aufgef\u00fchrten Kontaktpersonen.<\/p>\n\n\n\n<h3 class=\"wp-block-heading\">\u00c4nderung unserer Datenschutzbestimmungen<\/h3>\n\n\n\n<p>Wir behalten uns vor, diese Datenschutzerkl\u00e4rung gelegentlich anzupassen, damit sie stets den aktuellen rechtlichen Anforderungen entspricht oder um \u00e4nderungen unserer Leistungen in der Datenschutzerkl\u00e4rung umzusetzen, z. B. bei der Einf\u00fchrung neuer Dienstleistungen. F\u00fcr Ihren Besuch gilt die z. Z. aktuelle Version der Datenschutzerkl\u00e4rung.<\/p>\n\n\n\n<h3 class=\"wp-block-heading\"><strong>Verantwortlich f\u00fcr die Datenerhebung<\/strong><\/h3>\n\n\n\n<p>F\u00fcr Fragen, Antr\u00e4ge, Beschwerden oder Kritik hinsichtlich unseres Datenschutzes k\u00f6nnen Sie sich an folgende Stelle wenden:<\/p>\n\n\n\n<p>Grabmaier K\u00e4lte-Klima-GmbH<br>Mittel\u00e4ckerweg 20<br>85055 Ingolstadt<br>E-Mail: info@grabmaier-klimatechnik.de<br>Telefon: +49 (0) 841 3 67 86<br>Telefax: +49 (0) 841 3 69 85<\/p>\n\n\n\n<p>Gesch\u00e4ftsf\u00fchrer: Herr Erich Grabmaier<br>Amtsgericht Ingolstadt HRB 1483<\/p>\n<\/div><\/div>\n","protected":false},"excerpt":{"rendered":"<p>K\u00e4lte &#8211; Klima &#8211; GmbH Kurzprofil Produkte Klima K\u00e4lteanlagen Tiefk\u00fchlanlagen Service Um Ihnen den bestm\u00f6glichen Service zu bieten, ist jeder unserer Mitarbeiter mit einem Mobiltelefon ausger\u00fcstet. Unsere Monteure sind 24 Stunden f\u00fcr Sie verf\u00fcgbar, auch am Wochenende und zu sp\u00e4ten Abendstunden. Sie k\u00f6nnen uns auch jeder Zeit eine Nachricht auf Band sprechen, wir rufen sie [&hellip;]<\/p>\n","protected":false},"author":1,"featured_media":0,"parent":0,"menu_order":0,"comment_status":"closed","ping_status":"closed","template":"","meta":{"ocean_post_layout":"","ocean_both_sidebars_style":"","ocean_both_sidebars_content_width":0,"ocean_both_sidebars_sidebars_width":0,"ocean_sidebar":"","ocean_second_sidebar":"","ocean_disable_margins":"enable","ocean_add_body_class":"","ocean_shortcode_before_top_bar":"","ocean_shortcode_after_top_bar":"","ocean_shortcode_before_header":"","ocean_shortcode_after_header":"","ocean_has_shortcode":"","ocean_shortcode_after_title":"","ocean_shortcode_before_footer_widgets":"","ocean_shortcode_after_footer_widgets":"","ocean_shortcode_before_footer_bottom":"","ocean_shortcode_after_footer_bottom":"","ocean_display_top_bar":"default","ocean_display_header":"default","ocean_header_style":"","ocean_center_header_left_menu":"","ocean_custom_header_template":"","ocean_custom_logo":0,"ocean_custom_retina_logo":0,"ocean_custom_logo_max_width":0,"ocean_custom_logo_tablet_max_width":0,"ocean_custom_logo_mobile_max_width":0,"ocean_custom_logo_max_height":0,"ocean_custom_logo_tablet_max_height":0,"ocean_custom_logo_mobile_max_height":0,"ocean_header_custom_menu":"","ocean_menu_typo_font_family":"","ocean_menu_typo_font_subset":"","ocean_menu_typo_font_size":0,"ocean_menu_typo_font_size_tablet":0,"ocean_menu_typo_font_size_mobile":0,"ocean_menu_typo_font_size_unit":"px","ocean_menu_typo_font_weight":"","ocean_menu_typo_font_weight_tablet":"","ocean_menu_typo_font_weight_mobile":"","ocean_menu_typo_transform":"","ocean_menu_typo_transform_tablet":"","ocean_menu_typo_transform_mobile":"","ocean_menu_typo_line_height":0,"ocean_menu_typo_line_height_tablet":0,"ocean_menu_typo_line_height_mobile":0,"ocean_menu_typo_line_height_unit":"","ocean_menu_typo_spacing":0,"ocean_menu_typo_spacing_tablet":0,"ocean_menu_typo_spacing_mobile":0,"ocean_menu_typo_spacing_unit":"","ocean_menu_link_color":"","ocean_menu_link_color_hover":"","ocean_menu_link_color_active":"","ocean_menu_link_background":"","ocean_menu_link_hover_background":"","ocean_menu_link_active_background":"","ocean_menu_social_links_bg":"","ocean_menu_social_hover_links_bg":"","ocean_menu_social_links_color":"","ocean_menu_social_hover_links_color":"","ocean_disable_title":"default","ocean_disable_heading":"default","ocean_post_title":"","ocean_post_subheading":"","ocean_post_title_style":"","ocean_post_title_background_color":"","ocean_post_title_background":0,"ocean_post_title_bg_image_position":"","ocean_post_title_bg_image_attachment":"","ocean_post_title_bg_image_repeat":"","ocean_post_title_bg_image_size":"","ocean_post_title_height":0,"ocean_post_title_bg_overlay":0.5,"ocean_post_title_bg_overlay_color":"","ocean_disable_breadcrumbs":"default","ocean_breadcrumbs_color":"","ocean_breadcrumbs_separator_color":"","ocean_breadcrumbs_links_color":"","ocean_breadcrumbs_links_hover_color":"","ocean_display_footer_widgets":"default","ocean_display_footer_bottom":"default","ocean_custom_footer_template":"","footnotes":""},"class_list":["post-8","page","type-page","status-publish","hentry","entry"],"_links":{"self":[{"href":"https:\/\/grabmaier-klimatechnik.de\/index.php?rest_route=\/wp\/v2\/pages\/8","targetHints":{"allow":["GET"]}}],"collection":[{"href":"https:\/\/grabmaier-klimatechnik.de\/index.php?rest_route=\/wp\/v2\/pages"}],"about":[{"href":"https:\/\/grabmaier-klimatechnik.de\/index.php?rest_route=\/wp\/v2\/types\/page"}],"author":[{"embeddable":true,"href":"https:\/\/grabmaier-klimatechnik.de\/index.php?rest_route=\/wp\/v2\/users\/1"}],"replies":[{"embeddable":true,"href":"https:\/\/grabmaier-klimatechnik.de\/index.php?rest_route=%2Fwp%2Fv2%2Fcomments&post=8"}],"version-history":[{"count":2,"href":"https:\/\/grabmaier-klimatechnik.de\/index.php?rest_route=\/wp\/v2\/pages\/8\/revisions"}],"predecessor-version":[{"id":1717,"href":"https:\/\/grabmaier-klimatechnik.de\/index.php?rest_route=\/wp\/v2\/pages\/8\/revisions\/1717"}],"wp:attachment":[{"href":"https:\/\/grabmaier-klimatechnik.de\/index.php?rest_route=%2Fwp%2Fv2%2Fmedia&parent=8"}],"curies":[{"name":"wp","href":"https:\/\/api.w.org\/{rel}","templated":true}]}}