{"id":25,"date":"2024-07-09T14:09:20","date_gmt":"2024-07-09T12:09:20","guid":{"rendered":"https:\/\/grabmaier-klimatechnik.multiwp.de\/?page_id=25"},"modified":"2024-11-04T11:45:16","modified_gmt":"2024-11-04T10:45:16","slug":"kontakt","status":"publish","type":"page","link":"https:\/\/grabmaier-klimatechnik.de\/?page_id=25","title":{"rendered":"Kontakt"},"content":{"rendered":"\n<figure class=\"wp-block-table\"><table><tbody><tr><td>Firmenanschrift:<\/td><td>Grabmaier K\u00e4lte-Klima-GmbH<br>Inh. Erich Grabmaier<br>Mittel\u00e4ckerweg. 20<br>85055 Ingolstadt<br><br>Handelsregister Ingolstadt HRB 1483<br><\/td><\/tr><tr><td>Steuernummer:<\/td><td>DE 124\/127\/80009<\/td><\/tr><tr><td>Telefon:<\/td><td>0841\/3 67 86<\/td><\/tr><tr><td>Fax:<\/td><td>0841\/3 69 85<\/td><\/tr><tr><td>Email:<\/td><td><a href=\"mailto:info@grabmaier-klimatechnik.de\">info@grabmaier-klimatechnik.de<\/a><\/td><\/tr><tr><td>B\u00fcrozeiten:<\/td><td>Montag &#8211; Donnerstag 07:30 &#8211; 16:00 Uhr <br>Freitag 07:30 &#8211; 12:00 Uhr<\/td><\/tr><tr><td>&nbsp;<\/td><td>Au\u00dferhalb der B\u00fcrozeiten k\u00f6nnen Sie gerne auf unseren Anrufbeantworter sprechen, wir rufen Sie baldm\u00f6glichst zur\u00fcck.<\/td><\/tr><\/tbody><\/table><\/figure>\n\n\n\n<div class=\"wp-block-buttons is-layout-flex wp-block-buttons-is-layout-flex\">\n<div class=\"wp-block-button\"><a class=\"wp-block-button__link wp-element-button\" href=\"https:\/\/grabmaier-klimatechnik.multiwp.de\/\">Zur\u00fcck<\/a><\/div>\n<\/div>\n\n\n\n<p><\/p>\n","protected":false},"excerpt":{"rendered":"<p>Firmenanschrift: Grabmaier K\u00e4lte-Klima-GmbHInh. Erich GrabmaierMittel\u00e4ckerweg. 2085055 Ingolstadt Handelsregister Ingolstadt HRB 1483 Steuernummer: DE 124\/127\/80009 Telefon: 0841\/3 67 86 Fax: 0841\/3 69 85 Email: info@grabmaier-klimatechnik.de B\u00fcrozeiten: Montag &#8211; Donnerstag 07:30 &#8211; 16:00 Uhr Freitag 07:30 &#8211; 12:00 Uhr &nbsp; Au\u00dferhalb der B\u00fcrozeiten k\u00f6nnen Sie gerne auf unseren Anrufbeantworter sprechen, wir rufen Sie baldm\u00f6glichst zur\u00fcck.<\/p>\n","protected":false},"author":1,"featured_media":0,"parent":0,"menu_order":0,"comment_status":"closed","ping_status":"closed","template":"","meta":{"ocean_post_layout":"","ocean_both_sidebars_style":"","ocean_both_sidebars_content_width":0,"ocean_both_sidebars_sidebars_width":0,"ocean_sidebar":"","ocean_second_sidebar":"","ocean_disable_margins":"enable","ocean_add_body_class":"","ocean_shortcode_before_top_bar":"","ocean_shortcode_after_top_bar":"","ocean_shortcode_before_header":"","ocean_shortcode_after_header":"","ocean_has_shortcode":"","ocean_shortcode_after_title":"","ocean_shortcode_before_footer_widgets":"","ocean_shortcode_after_footer_widgets":"","ocean_shortcode_before_footer_bottom":"","ocean_shortcode_after_footer_bottom":"","ocean_display_top_bar":"default","ocean_display_header":"default","ocean_header_style":"","ocean_center_header_left_menu":"","ocean_custom_header_template":"","ocean_custom_logo":0,"ocean_custom_retina_logo":0,"ocean_custom_logo_max_width":0,"ocean_custom_logo_tablet_max_width":0,"ocean_custom_logo_mobile_max_width":0,"ocean_custom_logo_max_height":0,"ocean_custom_logo_tablet_max_height":0,"ocean_custom_logo_mobile_max_height":0,"ocean_header_custom_menu":"","ocean_menu_typo_font_family":"","ocean_menu_typo_font_subset":"","ocean_menu_typo_font_size":0,"ocean_menu_typo_font_size_tablet":0,"ocean_menu_typo_font_size_mobile":0,"ocean_menu_typo_font_size_unit":"px","ocean_menu_typo_font_weight":"","ocean_menu_typo_font_weight_tablet":"","ocean_menu_typo_font_weight_mobile":"","ocean_menu_typo_transform":"","ocean_menu_typo_transform_tablet":"","ocean_menu_typo_transform_mobile":"","ocean_menu_typo_line_height":0,"ocean_menu_typo_line_height_tablet":0,"ocean_menu_typo_line_height_mobile":0,"ocean_menu_typo_line_height_unit":"","ocean_menu_typo_spacing":0,"ocean_menu_typo_spacing_tablet":0,"ocean_menu_typo_spacing_mobile":0,"ocean_menu_typo_spacing_unit":"","ocean_menu_link_color":"","ocean_menu_link_color_hover":"","ocean_menu_link_color_active":"","ocean_menu_link_background":"","ocean_menu_link_hover_background":"","ocean_menu_link_active_background":"","ocean_menu_social_links_bg":"","ocean_menu_social_hover_links_bg":"","ocean_menu_social_links_color":"","ocean_menu_social_hover_links_color":"","ocean_disable_title":"default","ocean_disable_heading":"default","ocean_post_title":"","ocean_post_subheading":"","ocean_post_title_style":"","ocean_post_title_background_color":"","ocean_post_title_background":0,"ocean_post_title_bg_image_position":"","ocean_post_title_bg_image_attachment":"","ocean_post_title_bg_image_repeat":"","ocean_post_title_bg_image_size":"","ocean_post_title_height":0,"ocean_post_title_bg_overlay":0.5,"ocean_post_title_bg_overlay_color":"","ocean_disable_breadcrumbs":"default","ocean_breadcrumbs_color":"","ocean_breadcrumbs_separator_color":"","ocean_breadcrumbs_links_color":"","ocean_breadcrumbs_links_hover_color":"","ocean_display_footer_widgets":"default","ocean_display_footer_bottom":"default","ocean_custom_footer_template":"","footnotes":""},"class_list":["post-25","page","type-page","status-publish","hentry","entry"],"_links":{"self":[{"href":"https:\/\/grabmaier-klimatechnik.de\/index.php?rest_route=\/wp\/v2\/pages\/25","targetHints":{"allow":["GET"]}}],"collection":[{"href":"https:\/\/grabmaier-klimatechnik.de\/index.php?rest_route=\/wp\/v2\/pages"}],"about":[{"href":"https:\/\/grabmaier-klimatechnik.de\/index.php?rest_route=\/wp\/v2\/types\/page"}],"author":[{"embeddable":true,"href":"https:\/\/grabmaier-klimatechnik.de\/index.php?rest_route=\/wp\/v2\/users\/1"}],"replies":[{"embeddable":true,"href":"https:\/\/grabmaier-klimatechnik.de\/index.php?rest_route=%2Fwp%2Fv2%2Fcomments&post=25"}],"version-history":[{"count":2,"href":"https:\/\/grabmaier-klimatechnik.de\/index.php?rest_route=\/wp\/v2\/pages\/25\/revisions"}],"predecessor-version":[{"id":1570,"href":"https:\/\/grabmaier-klimatechnik.de\/index.php?rest_route=\/wp\/v2\/pages\/25\/revisions\/1570"}],"wp:attachment":[{"href":"https:\/\/grabmaier-klimatechnik.de\/index.php?rest_route=%2Fwp%2Fv2%2Fmedia&parent=25"}],"curies":[{"name":"wp","href":"https:\/\/api.w.org\/{rel}","templated":true}]}}